{"id":93,"date":"2025-11-05T10:13:53","date_gmt":"2025-11-05T10:13:53","guid":{"rendered":"https:\/\/mlagier.dev-campus.fr\/?page_id=93"},"modified":"2025-12-02T15:10:05","modified_gmt":"2025-12-02T15:10:05","slug":"mentions-legales","status":"publish","type":"page","link":"https:\/\/mlagier.dev-campus.fr\/?page_id=93","title":{"rendered":"mentions l\u00e9gales"},"content":{"rendered":"\n<div class=\"wp-block-group has-global-padding is-layout-constrained wp-container-core-group-is-layout-8a400663 wp-block-group-is-layout-constrained\">\n<div class=\"wp-block-group has-global-padding is-layout-constrained wp-block-group-is-layout-constrained\" style=\"border-width:1px;border-radius:10px\">\n<h5 class=\"wp-block-heading has-text-align-center\" style=\"border-style:none;border-width:0px;margin-top:var(--wp--preset--spacing--30);margin-bottom:var(--wp--preset--spacing--60)\">Editeur du site <\/h5>\n\n\n\n<p class=\"has-text-align-center\">ML Website <\/p>\n\n\n\n<p class=\"has-text-align-center\">1 All\u00e9 de Chambord <\/p>\n\n\n\n<p class=\"has-text-align-center\">matheo.lagier@matheolagier<\/p>\n\n\n\n<p class=\"has-text-align-center\" style=\"margin-bottom:var(--wp--preset--spacing--60)\">07 67 59 35 84<\/p>\n<\/div>\n<\/div>\n\n\n\n<div class=\"wp-block-group has-global-padding is-layout-constrained wp-container-core-group-is-layout-8a400663 wp-block-group-is-layout-constrained\">\n<div class=\"wp-block-group has-global-padding is-layout-constrained wp-block-group-is-layout-constrained\" style=\"border-width:1px;border-radius:10px;margin-top:var(--wp--preset--spacing--40);margin-bottom:var(--wp--preset--spacing--40);padding-top:0;padding-bottom:0\">\n<h5 class=\"wp-block-heading has-text-align-center\" style=\"border-style:none;border-width:0px;margin-top:var(--wp--preset--spacing--30);margin-bottom:var(--wp--preset--spacing--60)\">H\u00e9bergement  <\/h5>\n\n\n\n<p class=\"has-text-align-center\">Nom de l&rsquo;h\u00e9bergeur <\/p>\n\n\n\n<p class=\"has-text-align-center\">Adresse de l&rsquo;h\u00e9bergeur  <\/p>\n\n\n\n<p class=\"has-text-align-center\" style=\"margin-bottom:var(--wp--preset--spacing--60)\">T\u00e9l\u00e9phone: 01 23 45 67 89<\/p>\n<\/div>\n<\/div>\n\n\n\n<div class=\"wp-block-group has-global-padding is-layout-constrained wp-container-core-group-is-layout-8a400663 wp-block-group-is-layout-constrained\">\n<div class=\"wp-block-group has-global-padding is-layout-constrained wp-block-group-is-layout-constrained\" style=\"border-width:1px;border-radius:10px;margin-top:var(--wp--preset--spacing--40);margin-bottom:var(--wp--preset--spacing--40);padding-top:0;padding-bottom:0\">\n<h5 class=\"wp-block-heading has-text-align-center\" style=\"border-style:none;border-width:0px;margin-top:var(--wp--preset--spacing--30);margin-bottom:var(--wp--preset--spacing--60)\">Propri\u00e9t\u00e9 intellectuelle <\/h5>\n\n\n\n<p class=\"has-text-align-center\" style=\"margin-bottom:var(--wp--preset--spacing--50)\">Tout le contenu pr\u00e9sent sur ce site (textes, images, vid\u00e9os, logos, etc.) est la propri\u00e9t\u00e9 exclusive du site ou de ses partenaires. Toute reproduction, distribution ou utilisation sans autorisation est interdite.<\/p>\n<\/div>\n<\/div>\n\n\n\n<div class=\"wp-block-group has-global-padding is-layout-constrained wp-container-core-group-is-layout-8a400663 wp-block-group-is-layout-constrained\">\n<div class=\"wp-block-group has-global-padding is-layout-constrained wp-block-group-is-layout-constrained\" style=\"border-width:1px;border-radius:10px;margin-top:var(--wp--preset--spacing--40);margin-bottom:var(--wp--preset--spacing--40);padding-top:0;padding-bottom:0\">\n<h5 class=\"wp-block-heading has-text-align-center\" style=\"border-style:none;border-width:0px;margin-top:var(--wp--preset--spacing--30);margin-bottom:var(--wp--preset--spacing--60)\">Responsabilit\u00e9 <\/h5>\n\n\n\n<p class=\"has-text-align-center\" style=\"margin-bottom:var(--wp--preset--spacing--50)\">Nous nous effor\u00e7ons de maintenir le site \u00e0 jour et exact, mais nous ne pouvons pas garantir l\u2019exactitude compl\u00e8te des informations. L\u2019utilisateur utilise le site \u00e0 ses risques et p\u00e9rils.<\/p>\n<\/div>\n<\/div>\n\n\n\n<div class=\"wp-block-group has-global-padding is-layout-constrained wp-container-core-group-is-layout-8a400663 wp-block-group-is-layout-constrained\">\n<div class=\"wp-block-group has-global-padding is-layout-constrained wp-block-group-is-layout-constrained\" style=\"border-width:1px;border-radius:10px;margin-top:var(--wp--preset--spacing--40);margin-bottom:var(--wp--preset--spacing--40);padding-top:0;padding-bottom:0\">\n<h5 class=\"wp-block-heading has-text-align-center\" style=\"border-style:none;border-width:0px;margin-top:var(--wp--preset--spacing--30);margin-bottom:var(--wp--preset--spacing--60)\">Cookies<\/h5>\n\n\n\n<p class=\"has-text-align-center\" style=\"margin-bottom:var(--wp--preset--spacing--50)\">Le site peut utiliser des cookies pour am\u00e9liorer l\u2019exp\u00e9rience utilisateur. Vous pouvez les d\u00e9sactiver dans votre navigateur si vous le souhaitez.<\/p>\n<\/div>\n<\/div>\n","protected":false},"excerpt":{"rendered":"<p>Editeur du site ML Website 1 All\u00e9 de Chambord matheo.lagier@matheolagier 07 67 59 35 84 H\u00e9bergement Nom de l&rsquo;h\u00e9bergeur Adresse de l&rsquo;h\u00e9bergeur T\u00e9l\u00e9phone: 01 23 45 67 89 Propri\u00e9t\u00e9 intellectuelle Tout le contenu pr\u00e9sent sur ce site (textes, images, vid\u00e9os, logos, etc.) est la propri\u00e9t\u00e9 exclusive du site ou de ses partenaires. Toute reproduction, distribution [&hellip;]<\/p>\n","protected":false},"author":1,"featured_media":0,"parent":0,"menu_order":0,"comment_status":"closed","ping_status":"closed","template":"","meta":{"footnotes":""},"class_list":["post-93","page","type-page","status-publish","hentry"],"_links":{"self":[{"href":"https:\/\/mlagier.dev-campus.fr\/index.php?rest_route=\/wp\/v2\/pages\/93","targetHints":{"allow":["GET"]}}],"collection":[{"href":"https:\/\/mlagier.dev-campus.fr\/index.php?rest_route=\/wp\/v2\/pages"}],"about":[{"href":"https:\/\/mlagier.dev-campus.fr\/index.php?rest_route=\/wp\/v2\/types\/page"}],"author":[{"embeddable":true,"href":"https:\/\/mlagier.dev-campus.fr\/index.php?rest_route=\/wp\/v2\/users\/1"}],"replies":[{"embeddable":true,"href":"https:\/\/mlagier.dev-campus.fr\/index.php?rest_route=%2Fwp%2Fv2%2Fcomments&post=93"}],"version-history":[{"count":4,"href":"https:\/\/mlagier.dev-campus.fr\/index.php?rest_route=\/wp\/v2\/pages\/93\/revisions"}],"predecessor-version":[{"id":127,"href":"https:\/\/mlagier.dev-campus.fr\/index.php?rest_route=\/wp\/v2\/pages\/93\/revisions\/127"}],"wp:attachment":[{"href":"https:\/\/mlagier.dev-campus.fr\/index.php?rest_route=%2Fwp%2Fv2%2Fmedia&parent=93"}],"curies":[{"name":"wp","href":"https:\/\/api.w.org\/{rel}","templated":true}]}}