{"id":38,"date":"2025-10-31T08:35:13","date_gmt":"2025-10-31T08:35:13","guid":{"rendered":"https:\/\/mlagier.dev-campus.fr\/?page_id=38"},"modified":"2025-12-04T08:57:11","modified_gmt":"2025-12-04T08:57:11","slug":"a-propos","status":"publish","type":"page","link":"https:\/\/mlagier.dev-campus.fr\/?page_id=38","title":{"rendered":"a propos"},"content":{"rendered":"\n<h4 class=\"wp-block-heading has-text-align-center\" style=\"margin-top:var(--wp--preset--spacing--60);margin-bottom:var(--wp--preset--spacing--60)\">Je m&rsquo;appelle Math\u00e9o, j&rsquo;ai 16 ans.<br>Je suis actuellement en formation D\u00e9veloppeur Web et Web Mobile.<br>Curieux et motiv\u00e9, j&rsquo;apprends rapidement des outils et langages comme HTML, CSS, Figma.<\/h4>\n\n\n\n<h3 class=\"wp-block-heading\" style=\"padding-right:var(--wp--preset--spacing--60);padding-bottom:var(--wp--preset--spacing--40);padding-left:var(--wp--preset--spacing--60)\">Mes comp\u00e9tences :<\/h3>\n\n\n\n<div class=\"wp-block-group is-vertical is-layout-flex wp-container-core-group-is-layout-6f5e26f1 wp-block-group-is-layout-flex\" style=\"padding-left:var(--wp--preset--spacing--30)\">\n<ul class=\"wp-block-list\">\n<li>HTML<\/li>\n<\/ul>\n\n\n\n<ul class=\"wp-block-list\">\n<li>CSS<\/li>\n<\/ul>\n\n\n\n<ul class=\"wp-block-list\">\n<li>Figma<\/li>\n<\/ul>\n\n\n\n<ul class=\"wp-block-list\">\n<li>WordPress<\/li>\n<\/ul>\n<\/div>\n\n\n\n<h3 class=\"wp-block-heading\" style=\"padding-top:var(--wp--preset--spacing--50);padding-right:var(--wp--preset--spacing--60);padding-bottom:var(--wp--preset--spacing--30);padding-left:var(--wp--preset--spacing--60)\">Mes hobbies : <\/h3>\n\n\n\n<ul style=\"padding-top:var(--wp--preset--spacing--20);padding-right:var(--wp--preset--spacing--70);padding-bottom:var(--wp--preset--spacing--20);padding-left:var(--wp--preset--spacing--70)\" class=\"wp-block-list\">\n<li>\ud83c\udfae Jeux vid\u00e9o<\/li>\n\n\n\n<li>\ud83d\udc09 Animes<\/li>\n\n\n\n<li>\ud83c\udfcb\ufe0f\u200d\u2642\ufe0f Sport<\/li>\n<\/ul>\n\n\n\n<h3 class=\"wp-block-heading\" style=\"padding-top:var(--wp--preset--spacing--50);padding-right:var(--wp--preset--spacing--60);padding-bottom:var(--wp--preset--spacing--30);padding-left:var(--wp--preset--spacing--60)\">Softs skill :<\/h3>\n\n\n\n<ul style=\"padding-top:var(--wp--preset--spacing--20);padding-right:var(--wp--preset--spacing--70);padding-bottom:var(--wp--preset--spacing--20);padding-left:var(--wp--preset--spacing--70)\" class=\"wp-block-list\">\n<li>Travail d&rsquo;\u00e9quipe<\/li>\n\n\n\n<li>Polyvalence<\/li>\n\n\n\n<li>Capacit\u00e9 d&rsquo;adaptation<\/li>\n<\/ul>\n","protected":false},"excerpt":{"rendered":"<p>Je m&rsquo;appelle Math\u00e9o, j&rsquo;ai 16 ans.Je suis actuellement en formation D\u00e9veloppeur Web et Web Mobile.Curieux et motiv\u00e9, j&rsquo;apprends rapidement des outils et langages comme HTML, CSS, Figma. Mes comp\u00e9tences : Mes hobbies : Softs skill :<\/p>\n","protected":false},"author":1,"featured_media":0,"parent":0,"menu_order":0,"comment_status":"closed","ping_status":"closed","template":"","meta":{"footnotes":""},"class_list":["post-38","page","type-page","status-publish","hentry"],"_links":{"self":[{"href":"https:\/\/mlagier.dev-campus.fr\/index.php?rest_route=\/wp\/v2\/pages\/38","targetHints":{"allow":["GET"]}}],"collection":[{"href":"https:\/\/mlagier.dev-campus.fr\/index.php?rest_route=\/wp\/v2\/pages"}],"about":[{"href":"https:\/\/mlagier.dev-campus.fr\/index.php?rest_route=\/wp\/v2\/types\/page"}],"author":[{"embeddable":true,"href":"https:\/\/mlagier.dev-campus.fr\/index.php?rest_route=\/wp\/v2\/users\/1"}],"replies":[{"embeddable":true,"href":"https:\/\/mlagier.dev-campus.fr\/index.php?rest_route=%2Fwp%2Fv2%2Fcomments&post=38"}],"version-history":[{"count":11,"href":"https:\/\/mlagier.dev-campus.fr\/index.php?rest_route=\/wp\/v2\/pages\/38\/revisions"}],"predecessor-version":[{"id":128,"href":"https:\/\/mlagier.dev-campus.fr\/index.php?rest_route=\/wp\/v2\/pages\/38\/revisions\/128"}],"wp:attachment":[{"href":"https:\/\/mlagier.dev-campus.fr\/index.php?rest_route=%2Fwp%2Fv2%2Fmedia&parent=38"}],"curies":[{"name":"wp","href":"https:\/\/api.w.org\/{rel}","templated":true}]}}