{"id":29,"date":"2025-10-31T10:31:52","date_gmt":"2025-10-31T10:31:52","guid":{"rendered":"https:\/\/mlagier.dev-campus.fr\/?page_id=29"},"modified":"2025-11-04T13:37:23","modified_gmt":"2025-11-04T13:37:23","slug":"contact","status":"publish","type":"page","link":"https:\/\/mlagier.dev-campus.fr\/?page_id=29","title":{"rendered":"contact"},"content":{"rendered":"\n<h2 class=\"wp-block-heading has-text-align-center\" style=\"margin-top:var(--wp--preset--spacing--40);margin-bottom:var(--wp--preset--spacing--40);font-size:67px\">Une Question<\/h2>\n\n\n\n<h2 class=\"wp-block-heading has-text-align-center\" style=\"font-size:67px\">Un Renseignement <\/h2>\n\n\n\n<p class=\"has-text-align-center\" style=\"padding-top:var(--wp--preset--spacing--80);padding-bottom:var(--wp--preset--spacing--80);font-size:20px\">Le codeur vogue tel un ma\u00eetre des nuages,<br>Tissant ses r\u00eaves dans les flux du langage.<br>Il dompte les bugs au c\u0153ur des orages,<br>Et fait na\u00eetre la beaut\u00e9 du chaos des pages.<\/p>\n\n\n<div class=\"form-wrapper\">\n  <div class=\"form-container\">\n    \n<div class=\"wpcf7 no-js\" id=\"wpcf7-f68-o1\" lang=\"fr-FR\" dir=\"ltr\" data-wpcf7-id=\"68\">\n<div class=\"screen-reader-response\"><p role=\"status\" aria-live=\"polite\" aria-atomic=\"true\"><\/p> <ul><\/ul><\/div>\n<form action=\"\/index.php?rest_route=%2Fwp%2Fv2%2Fpages%2F29#wpcf7-f68-o1\" method=\"post\" class=\"wpcf7-form init\" aria-label=\"Formulaire de contact\" novalidate=\"novalidate\" data-status=\"init\">\n<fieldset class=\"hidden-fields-container\"><input type=\"hidden\" name=\"_wpcf7\" value=\"68\" \/><input type=\"hidden\" name=\"_wpcf7_version\" value=\"6.1.3\" \/><input type=\"hidden\" name=\"_wpcf7_locale\" value=\"fr_FR\" \/><input type=\"hidden\" name=\"_wpcf7_unit_tag\" value=\"wpcf7-f68-o1\" \/><input type=\"hidden\" name=\"_wpcf7_container_post\" value=\"0\" \/><input type=\"hidden\" name=\"_wpcf7_posted_data_hash\" value=\"\" \/>\n<\/fieldset>\n<p>Nom (requis)<br \/>\n<span class=\"wpcf7-form-control-wrap\" data-name=\"nom\"><input size=\"40\" maxlength=\"400\" class=\"wpcf7-form-control wpcf7-text wpcf7-validates-as-required\" aria-required=\"true\" aria-invalid=\"false\" placeholder=\"First name\" value=\"\" type=\"text\" name=\"nom\" \/><\/span>\n<\/p>\n<p>Pr\u00e9nom (requis)<br \/>\n<span class=\"wpcf7-form-control-wrap\" data-name=\"prenom\"><input size=\"40\" maxlength=\"400\" class=\"wpcf7-form-control wpcf7-text wpcf7-validates-as-required\" aria-required=\"true\" aria-invalid=\"false\" placeholder=\"Name\" value=\"\" type=\"text\" name=\"prenom\" \/><\/span>\n<\/p>\n<p>Email (requis)<br \/>\n<span class=\"wpcf7-form-control-wrap\" data-name=\"email\"><input size=\"40\" maxlength=\"400\" class=\"wpcf7-form-control wpcf7-email wpcf7-validates-as-required wpcf7-text wpcf7-validates-as-email\" aria-required=\"true\" aria-invalid=\"false\" placeholder=\"name@exemple.com\" value=\"\" type=\"email\" name=\"email\" \/><\/span>\n<\/p>\n<p>Num\u00e9ro de t\u00e9l\u00e9phone<br \/>\n<span class=\"wpcf7-form-control-wrap\" data-name=\"telephone\"><input size=\"40\" maxlength=\"400\" class=\"wpcf7-form-control wpcf7-tel wpcf7-text wpcf7-validates-as-tel\" aria-invalid=\"false\" placeholder=\"+33 01 23 45 67 89\" value=\"\" type=\"tel\" name=\"telephone\" \/><\/span>\n<\/p>\n<p>Posez vos questions (requis)<br \/>\n<span class=\"wpcf7-form-control-wrap\" data-name=\"question\"><input size=\"40\" maxlength=\"400\" class=\"wpcf7-form-control wpcf7-text wpcf7-validates-as-required\" aria-required=\"true\" aria-invalid=\"false\" placeholder=\"Any questions? Write them here\" value=\"\" type=\"text\" name=\"question\" \/><\/span>\n<\/p>\n<p>Message<br \/>\n<span class=\"wpcf7-form-control-wrap\" data-name=\"message\"><textarea cols=\"40\" rows=\"10\" maxlength=\"2000\" class=\"wpcf7-form-control wpcf7-textarea\" aria-invalid=\"false\" placeholder=\"Write what you want right here\" name=\"message\"><\/textarea><\/span>\n<\/p>\n<p><span class=\"wpcf7-form-control-wrap\" data-name=\"mentions\"><span class=\"wpcf7-form-control wpcf7-acceptance\"><span class=\"wpcf7-list-item\"><label><input type=\"checkbox\" name=\"mentions\" value=\"1\" aria-invalid=\"false\" \/><span class=\"wpcf7-list-item-label\">Accepter les mentions l\u00e9gales<\/span><\/label><\/span><\/span><\/span>\n<\/p>\n<p><input class=\"wpcf7-form-control wpcf7-submit has-spinner\" type=\"submit\" value=\"Envoyer\" \/>\n<\/p><div class=\"wpcf7-response-output\" aria-hidden=\"true\"><\/div>\n<\/form>\n<\/div>\n\n  <\/div>\n<\/div>\n<style>\n.form-wrapper {\n  display: flex;\n  justify-content: center;\n}\n\n.form-container,\n.wpcf7 form {\n  width: 100%;\n  max-width: 1200px;\n}\n\n.form-row {\n  display: flex;\n  flex-wrap: wrap;\n  gap: 15px;\n  justify-content: space-between;\n  width: 100%;\n}\n\n.form-group {\n  display: flex;\n  flex-direction: column;\n}\n\n.form-group.half {\n  flex: 1 1 calc(50% - 10px);\n}\n\n.form-group.full {\n  flex: 1 1 100%;\n}\n\n.form-group label {\n  font-weight: 500;\n  margin-bottom: 5px;\n  color: #fff;\n}\n\n.wpcf7 input[type=\"text\"],\n.wpcf7 input[type=\"email\"],\n.wpcf7 input[type=\"tel\"],\n.wpcf7 textarea {\n  width: 100%;\n  padding: 10px;\n  border: none;\n  border-radius: 6px;\n  background: #fff;\n  color: #000;\n  font-size: 15px;\n  margin: 0 auto;\n}\n\n.rgpd-row {\n  display: flex;\n  align-items: center;\n  gap: 10px;\n  color: #fff;\n  font-size: 14px;\n}\n\n.wpcf7 input[type=\"submit\"] {\n  background-color: #fff;\n  color: #000;\n  border: none;\n  padding: 10px 25px;\n  border-radius: 6px;\n  cursor: pointer;\n  font-weight: 600;\n  transition: all 0.2s;\n  margin-top: 10px;\n}\n\n.wpcf7 input[type=\"submit\"]:hover {\n  background-color: #ccc;\n}\n\n@media (max-width: 1024px) {\n  .form-container,\n  .wpcf7 form {\n    max-width: 90%;\n  }\n}\n\n@media (max-width: 768px) {\n  .form-group.half {\n    flex: 1 1 100%;\n  }\n\n  .wpcf7 input[type=\"text\"],\n  .wpcf7 input[type=\"email\"],\n  .wpcf7 input[type=\"tel\"],\n  .wpcf7 textarea {\n    width: 100%;\n  }\n}\n<\/style>","protected":false},"excerpt":{"rendered":"<p>Une Question Un Renseignement Le codeur vogue tel un ma\u00eetre des nuages,Tissant ses r\u00eaves dans les flux du langage.Il dompte les bugs au c\u0153ur des orages,Et fait na\u00eetre la beaut\u00e9 du chaos des pages.<\/p>\n","protected":false},"author":1,"featured_media":0,"parent":0,"menu_order":0,"comment_status":"closed","ping_status":"closed","template":"","meta":{"footnotes":""},"class_list":["post-29","page","type-page","status-publish","hentry"],"_links":{"self":[{"href":"https:\/\/mlagier.dev-campus.fr\/index.php?rest_route=\/wp\/v2\/pages\/29","targetHints":{"allow":["GET"]}}],"collection":[{"href":"https:\/\/mlagier.dev-campus.fr\/index.php?rest_route=\/wp\/v2\/pages"}],"about":[{"href":"https:\/\/mlagier.dev-campus.fr\/index.php?rest_route=\/wp\/v2\/types\/page"}],"author":[{"embeddable":true,"href":"https:\/\/mlagier.dev-campus.fr\/index.php?rest_route=\/wp\/v2\/users\/1"}],"replies":[{"embeddable":true,"href":"https:\/\/mlagier.dev-campus.fr\/index.php?rest_route=%2Fwp%2Fv2%2Fcomments&post=29"}],"version-history":[{"count":18,"href":"https:\/\/mlagier.dev-campus.fr\/index.php?rest_route=\/wp\/v2\/pages\/29\/revisions"}],"predecessor-version":[{"id":109,"href":"https:\/\/mlagier.dev-campus.fr\/index.php?rest_route=\/wp\/v2\/pages\/29\/revisions\/109"}],"wp:attachment":[{"href":"https:\/\/mlagier.dev-campus.fr\/index.php?rest_route=%2Fwp%2Fv2%2Fmedia&parent=29"}],"curies":[{"name":"wp","href":"https:\/\/api.w.org\/{rel}","templated":true}]}}